{"id":887,"date":"2017-08-29T13:05:28","date_gmt":"2017-08-29T11:05:28","guid":{"rendered":"http:\/\/www.wieserphoto.de\/?page_id=887"},"modified":"2017-08-30T20:43:41","modified_gmt":"2017-08-30T18:43:41","slug":"bilder-wie-gemalt-oder-pictures-like-painted","status":"publish","type":"page","link":"https:\/\/www.wieserphoto.de\/?page_id=887","title":{"rendered":"Bilder wie gemalt oder &#8230;  \/  Pictures like painted or&#8230;"},"content":{"rendered":"<h4><strong>Bilder wie gemalt <\/strong>oder die Poesie der Wirklichkeit<\/h4>\n<p>&nbsp;<\/p>\n<p>Die Wirklichkeit wird nicht mit dem Intellekt allein wahrgenommen. Der scharfe Blick, der eine F\u00fclle von Details aufnimmt, vermag nicht\u00a0die Gesamtheit dessen zu erfassen, was ist.<\/p>\n<p>Gef\u00fchle, Stimmungen und Atmosph\u00e4re werden durch die Unsch\u00e4rfe vermittelt. So wie Maler das Sfumato oder die Verblauung nutzten um Stimmungen auszudr\u00fccken, so hat sich die Unsch\u00e4rfe oder das Bokeh in der Fotografie daf\u00fcr durchgesetzt. Durch die geringe Aufl\u00f6sung und eine starke Vergr\u00f6\u00dferung des Motivs zeigen sich in ihm farbige Pixel, die das blo\u00dfe Auge nicht wahrnehmen kann.<\/p>\n<p>Bilder, verblichen wie eine Erinnerung, flie\u00dfend wie ein Traum und unscharf wie eine Illusion. Mit einem Blick scheint alles greifbar und ist doch nicht zu fassen. Der Blick kann frei schweifen und wird nicht gelenkt.<\/p>\n<p>Das unscharfe Bild darf schweigen oder in seiner eigenen, leisen Tonlage sprechen. Mit seiner Distanz und seiner R\u00e4tselhaftigkeit l\u00e4dt es dazu ein sich der eigenen Phantasie zu bedienen um die Leerstellen zu f\u00fcllen. Daf\u00fcr wird es geliebt.<\/p>\n<p>&nbsp;<\/p>\n<figure id=\"attachment_925\" class=\"thumbnail wp-caption aligncenter\" style=\"width: 358px\"><a href=\"http:\/\/www.wieserphoto.de\/wp-content\/uploads\/2017\/07\/florale-Ornamentik-gespiegelt.jpg\"><img loading=\"lazy\" decoding=\"async\" class=\" wp-image-925\" src=\"http:\/\/www.wieserphoto.de\/wp-content\/uploads\/2017\/07\/florale-Ornamentik-gespiegelt-225x300.jpg\" alt=\"florale Ornamentik, gespiegelt\" width=\"358\" height=\"477\" srcset=\"https:\/\/www.wieserphoto.de\/wp-content\/uploads\/2017\/07\/florale-Ornamentik-gespiegelt-225x300.jpg 225w, https:\/\/www.wieserphoto.de\/wp-content\/uploads\/2017\/07\/florale-Ornamentik-gespiegelt.jpg 750w\" sizes=\"auto, (max-width: 358px) 100vw, 358px\" \/><\/a><figcaption class=\"caption wp-caption-text\">florale Ornamentik, gespiegelt\/ floral ornaments, reflected<\/figcaption><\/figure>\n<p>&nbsp;<\/p>\n<h4><\/h4>\n<h4><span style=\"color: #808000;\">Pictures like painted or the poetry of reality<\/span><\/h4>\n<p><span style=\"color: #808000;\">Discerning reality requires more than the intellect. A keen eye may take in a myriad of details but still miss the big picture.<\/span><\/p>\n<p><span style=\"color: #808000;\">In my work, I express emotions and a sense of atmosphere by an interplay of focus and out-of-focus.<\/span><\/p>\n<p><span style=\"color: #808000;\">Like painters used Sfumato to express atmosphere, so is blurring or Bokeh used by photographers. Little resolution and a strong blow-up of the motif show colored pixels the eye cannot grasp.<\/span><\/p>\n<p><span style=\"color: #808000;\">Pictures are faded like something remembered, floating like a dream and blurred like an illusion. With one look everything seems tangible but elusive. Gaze can roam freely without being directed.<\/span><\/p>\n<p><span style=\"color: #808000;\">The\u00a0blurred image may be quiet or articulate itself in its own gentle\u00a0theme. Its distance and its\u00a0mysteriousness invites the viewer to use their\u00a0imagination to fill the gaps. In return, the blurred image is being loved.<\/span><\/p>\n<p>&nbsp;<\/p>\n<p>&nbsp;<\/p>\n<p>&nbsp;<\/p>\n<p>&nbsp;<\/p>\n<p>&nbsp;<\/p>\n<p>&nbsp;<\/p>\n<p>&nbsp;<\/p>\n<p>&nbsp;<\/p>\n","protected":false},"excerpt":{"rendered":"<p>Bilder wie gemalt oder die Poesie der Wirklichkeit &nbsp; Die Wirklichkeit wird nicht mit dem Intellekt allein wahrgenommen. Der scharfe Blick, der eine F\u00fclle von Details aufnimmt, vermag nicht\u00a0die Gesamtheit dessen zu erfassen, was ist. Gef\u00fchle, Stimmungen und Atmosph\u00e4re werden &hellip; <a href=\"https:\/\/www.wieserphoto.de\/?page_id=887\">Weiter<\/a><\/p>\n","protected":false},"author":1,"featured_media":0,"parent":0,"menu_order":1,"comment_status":"closed","ping_status":"closed","template":"page-portfolio.php","meta":{"kt_blocks_editor_width":"","footnotes":""},"class_list":["post-887","page","type-page","status-publish","hentry"],"_links":{"self":[{"href":"https:\/\/www.wieserphoto.de\/index.php?rest_route=\/wp\/v2\/pages\/887","targetHints":{"allow":["GET"]}}],"collection":[{"href":"https:\/\/www.wieserphoto.de\/index.php?rest_route=\/wp\/v2\/pages"}],"about":[{"href":"https:\/\/www.wieserphoto.de\/index.php?rest_route=\/wp\/v2\/types\/page"}],"author":[{"embeddable":true,"href":"https:\/\/www.wieserphoto.de\/index.php?rest_route=\/wp\/v2\/users\/1"}],"replies":[{"embeddable":true,"href":"https:\/\/www.wieserphoto.de\/index.php?rest_route=%2Fwp%2Fv2%2Fcomments&post=887"}],"version-history":[{"count":15,"href":"https:\/\/www.wieserphoto.de\/index.php?rest_route=\/wp\/v2\/pages\/887\/revisions"}],"predecessor-version":[{"id":1129,"href":"https:\/\/www.wieserphoto.de\/index.php?rest_route=\/wp\/v2\/pages\/887\/revisions\/1129"}],"wp:attachment":[{"href":"https:\/\/www.wieserphoto.de\/index.php?rest_route=%2Fwp%2Fv2%2Fmedia&parent=887"}],"curies":[{"name":"wp","href":"https:\/\/api.w.org\/{rel}","templated":true}]}}