{"id":289,"date":"2013-12-16T22:44:20","date_gmt":"2013-12-16T20:44:20","guid":{"rendered":"http:\/\/www.wieserphoto.de\/?page_id=289"},"modified":"2017-08-31T17:45:57","modified_gmt":"2017-08-31T15:45:57","slug":"impressum","status":"publish","type":"page","link":"https:\/\/www.wieserphoto.de\/?page_id=289","title":{"rendered":"Impressum \/ About"},"content":{"rendered":"<p><b><span style=\"color: #cccccc; font-family: Verdana,Arial,Helvetica,sans-serif; font-size: small;\">Ursula Wieser<\/span><\/b><b><span style=\"color: #cccccc; font-family: Verdana,Arial,Helvetica,sans-serif; font-size: small;\"><br \/>\n<\/span><\/b>Rennerstra\u00dfe 3 | 79106 Freiburg<br \/>\nTel. +49 761. 272410<br \/>\nE-Mail: u_wieser@yahoo.de<\/p>\n<p align=\"left\">Gestaltung der Seiten:<br \/>\nUrsula Wieser | u_wieser@yahoo.de<\/p>\n<p>Inhaltlich Verantwortlicher gem\u00e4\u00df \u00a7 10 Absatz 3 MDStV:<br \/>\nUrsula Wieser (Anschrift wie oben).<\/p>\n<p align=\"left\">Haftungsausschluss<br \/>\n1. Haftungsbeschr\u00e4nkung<\/p>\n<p align=\"left\">Die Inhalte dieser Website werden mit gr\u00f6\u00dftm\u00f6glicher Sorgfalt erstellt. Der Anbieter \u00fcbernimmt jedoch keine Gew\u00e4hr f\u00fcr die Richtigkeit, Vollst\u00e4ndigkeit und Aktualit\u00e4t der bereitgestellten Inhalte. Die Nutzung der Inhalte der Website erfolgt auf eigene Gefahr des Nutzers. Namentlich gekennzeichnete Beitr\u00e4ge geben die Meinung des jeweiligen Autors und nicht immer die Meinung des Anbieters wieder. Mit der reinen Nutzung der Website des Anbieters kommt keinerlei Vertragsverh\u00e4ltnis zwischen dem Nutzer und dem Anbieter zustande.<\/p>\n<p align=\"left\">2. Externe Links<\/p>\n<p align=\"left\">Diese Website enth\u00e4lt Verkn\u00fcpfungen zu Websites Dritter (&#8222;externe Links&#8220;). Diese Websites unterliegen der Haftung der jeweiligen Betreiber. Der Anbieter hat bei der erstmaligen Verkn\u00fcpfung der externen Links die fremden Inhalte daraufhin \u00fcberpr\u00fcft, ob etwaige Rechtsverst\u00f6\u00dfe bestehen. Zu dem Zeitpunkt waren keine Rechtsverst\u00f6\u00dfe ersichtlich. Der Anbieter hat keinerlei Einfluss auf die aktuelle und zuk\u00fcnftige Gestaltung und auf die Inhalte der verkn\u00fcpften Seiten. Das Setzen von externen Links bedeutet nicht, dass sich der Anbieter die hinter dem Verweis oder Link liegenden Inhalte zu Eigen macht. Eine st\u00e4ndige Kontrolle dieser externen Links ist f\u00fcr den Anbieter ohne konkrete Hinweise auf Rechtsverst\u00f6\u00dfe nicht zumutbar. Bei Kenntnis von Rechtsverst\u00f6\u00dfen werden jedoch derartige externe Links unverz\u00fcglich gel\u00f6scht.<\/p>\n<p align=\"left\">3. Urheber- und Leistungsschutzrechte<\/p>\n<p align=\"left\">Die auf dieser Website ver\u00f6ffentlichten Inhalte unterliegen dem deutschen Urheber- und Leistungsschutzrecht. Jede vom deutschen Urheber- und Leistungsschutzrecht nicht zugelassene Verwertung bedarf der vorherigen schriftlichen Zustimmung des Anbieters oder jeweiligen Rechteinhabers. Dies gilt insbesondere f\u00fcr Vervielf\u00e4ltigung, Bearbeitung, \u00dcbersetzung, Einspeicherung, Verarbeitung bzw. Wiedergabe von Inhalten in Datenbanken oder anderen elektronischen Medien und Systemen. Inhalte und Rechte Dritter sind dabei als solche gekennzeichnet. Die unerlaubte Vervielf\u00e4ltigung oder Weitergabe einzelner Inhalte oder kompletter Seiten ist nicht gestattet und strafbar. Lediglich die Herstellung von Kopien und Downloads f\u00fcr den pers\u00f6nlichen, privaten und nicht kommerziellen Gebrauch ist erlaubt. Die Darstellung dieser Website in fremden Frames ist nur mit schriftlicher Erlaubnis zul\u00e4ssig.<\/p>\n<p align=\"left\">4. Datenschutz<\/p>\n<p align=\"left\">Durch den Besuch der Website des Anbieters k\u00f6nnen Informationen \u00fcber den Zugriff (Datum, Uhrzeit, betrachtete Seite) gespeichert werden. Diese Daten geh\u00f6ren nicht zu den personenbezogenen Daten, sondern sind anonymisiert. Sie werden ausschlie\u00dflich zu statistischen Zwecken ausgewertet. Eine Weitergabe an Dritte, zu kommerziellen oder nichtkommerziellen Zwecken, findet nicht statt. Der Anbieter weist ausdr\u00fccklich darauf hin, dass die Daten\u00fcbertragung im Internet (z.B. bei der Kommunikation per E-Mail) Sicherheitsl\u00fccken aufweisen und nicht l\u00fcckenlos vor dem Zugriff durch Dritte gesch\u00fctzt werden kann. Die Verwendung der Kontaktdaten des Impressums zur gewerblichen Werbung ist ausdr\u00fccklich nicht erw\u00fcnscht, es sei denn der Anbieter hatte zuvor seine schriftliche Einwilligung erteilt oder es besteht bereits eine Gesch\u00e4ftsbeziehung. Der Anbieter und alle auf dieser Website genannten Personen widersprechen hiermit jeder kommerziellen Verwendung und Weitergabe ihrer Daten.<\/p>\n<p align=\"left\">5. Besondere Nutzungsbedingungen<\/p>\n<p align=\"left\">Soweit besondere Bedingungen f\u00fcr einzelne Nutzungen dieser Website von den vorgenannten Nummern 1. bis 4. abweichen, wird an entsprechender Stelle ausdr\u00fccklich darauf hingewiesen. In diesem Falle gelten im jeweiligen Einzelfall die besonderen Nutzungsbedingungen. Quelle: Disclaimer von www.Juraforum.de \u2013 Rechtportal mit Anwaltssuche<\/p>\n<p align=\"left\">\n<div id=\"content\" class=\"fullwidth\">\n<div id=\"posts\">\n<div class=\"post\">\n<div class=\"clear\">\n<p><span style=\"color: #808000;\"><strong>Limitation of liability for internal content<\/strong><\/span><\/p>\n<p><span style=\"color: #808000;\">The content of our website has been compiled with meticulous care and to the best of our knowledge. However, we cannot assume any liability for the up-to-dateness, completeness or accuracy of any of the pages.<\/span><\/p>\n<p><span style=\"color: #808000;\">Pursuant to section 7, para. 1 of the TMG (Telemediengesetz \u2013 Tele Media Act by German law), we as service providers are liable for our own content on these pages in accordance with general laws. However, pursuant to sections 8 to 10 of the TMG, we as service providers are not under obligation to monitor external information provided or stored on our website. Once we have become aware of a specific infringement of the law, we will immediately remove the content in question. Any liability concerning this matter can only be assumed from the point in time at which the infringement becomes known to us.<\/span><\/p>\n<p><span style=\"color: #808000;\"><strong>Limitation of liability for external links<\/strong><\/span><\/p>\n<p><span style=\"color: #808000;\">Our website contains links to the websites of third parties (\u201eexternal links\u201c). As the content of these websites is not under our control, we cannot assume any liability for such external content. In all cases, the provider of information of the linked websites is liable for the content and accuracy of the information provided. At the point in time when the links were placed, no infringements of the law were recognisable to us. As soon as an infringement of the law becomes known to us, we will immediately remove the link in question.<\/span><\/p>\n<p><span style=\"color: #808000;\"><strong>Copyright<\/strong><\/span><\/p>\n<p><span style=\"color: #808000;\">The content and works published on this website are governed by the copyright laws of Germany. Any duplication, processing, distribution or any form of utilisation beyond the scope of copyright law shall require the prior written consent of the author or authors in question.<\/span><\/p>\n<p><span style=\"color: #808000;\"><strong>Data protection<\/strong><\/span><\/p>\n<p><span style=\"color: #808000;\">A visit to our website can result in the storage on our server of information about the access (date, time, page accessed). This does not represent any analysis of personal data (e.g., name, address or e-mail address). If personal data are collected, this only occurs \u2013 to the extent possible \u2013 with the prior consent of the user of the website. Any forwarding of the data to third parties without the express consent of the user shall not take place.<\/span><\/p>\n<p><span style=\"color: #808000;\">We would like to expressly point out that the transmission of data via the Internet (e.g., by e-mail) can offer security vulnerabilities. It is therefore impossible to safeguard the data completely against access by third parties. We cannot assume any liability for damages arising as a result of such security vulnerabilities.<\/span><\/p>\n<p><span style=\"color: #808000;\">The use by third parties of all published contact details for the purpose of advertising is expressly excluded. We reserve the right to take legal steps in the case of the unsolicited sending of advertising information; e.g., by means of spam mail.<\/span><\/p>\n<p><span style=\"color: #808000;\">Source: <a style=\"color: #808000;\" href=\"http:\/\/www.mustervorlage.net\/disclaimer-muster#Englisch\">Mustervorlage.net<\/a><\/span><br \/>\n<span style=\"color: #808000;\">\u00a0<\/span><\/p>\n<\/div>\n<\/div>\n<\/div>\n<\/div>\n<p>&nbsp;<\/p>\n","protected":false},"excerpt":{"rendered":"<p>Ursula Wieser Rennerstra\u00dfe 3 | 79106 Freiburg Tel. +49 761. 272410 E-Mail: u_wieser@yahoo.de Gestaltung der Seiten: Ursula Wieser | u_wieser@yahoo.de Inhaltlich Verantwortlicher gem\u00e4\u00df \u00a7 10 Absatz 3 MDStV: Ursula Wieser (Anschrift wie oben). Haftungsausschluss 1. Haftungsbeschr\u00e4nkung Die Inhalte dieser Website &hellip; <a href=\"https:\/\/www.wieserphoto.de\/?page_id=289\">Weiter<\/a><\/p>\n","protected":false},"author":1,"featured_media":0,"parent":0,"menu_order":0,"comment_status":"open","ping_status":"open","template":"page-portfolio.php","meta":{"kt_blocks_editor_width":"","footnotes":""},"class_list":["post-289","page","type-page","status-publish","hentry"],"_links":{"self":[{"href":"https:\/\/www.wieserphoto.de\/index.php?rest_route=\/wp\/v2\/pages\/289","targetHints":{"allow":["GET"]}}],"collection":[{"href":"https:\/\/www.wieserphoto.de\/index.php?rest_route=\/wp\/v2\/pages"}],"about":[{"href":"https:\/\/www.wieserphoto.de\/index.php?rest_route=\/wp\/v2\/types\/page"}],"author":[{"embeddable":true,"href":"https:\/\/www.wieserphoto.de\/index.php?rest_route=\/wp\/v2\/users\/1"}],"replies":[{"embeddable":true,"href":"https:\/\/www.wieserphoto.de\/index.php?rest_route=%2Fwp%2Fv2%2Fcomments&post=289"}],"version-history":[{"count":6,"href":"https:\/\/www.wieserphoto.de\/index.php?rest_route=\/wp\/v2\/pages\/289\/revisions"}],"predecessor-version":[{"id":1144,"href":"https:\/\/www.wieserphoto.de\/index.php?rest_route=\/wp\/v2\/pages\/289\/revisions\/1144"}],"wp:attachment":[{"href":"https:\/\/www.wieserphoto.de\/index.php?rest_route=%2Fwp%2Fv2%2Fmedia&parent=289"}],"curies":[{"name":"wp","href":"https:\/\/api.w.org\/{rel}","templated":true}]}}